{"id":6876,"date":"2021-11-11T00:47:58","date_gmt":"2021-11-11T00:47:58","guid":{"rendered":"https:\/\/equiposmedicoscr.nwideas.com\/?page_id=6876"},"modified":"2021-11-11T01:55:49","modified_gmt":"2021-11-11T01:55:49","slug":"blog","status":"publish","type":"page","link":"https:\/\/equiposmedicoscr.nwideas.com\/index.php\/blog\/","title":{"rendered":"Blog"},"content":{"rendered":"\t\t<div data-elementor-type=\"wp-page\" data-elementor-id=\"6876\" class=\"elementor elementor-6876\" data-elementor-settings=\"[]\">\n\t\t\t\t\t\t\t<div class=\"elementor-section-wrap\">\n\t\t\t\t\t\t\t<section class=\"elementor-section elementor-top-section elementor-element elementor-element-1009561 elementor-section-boxed elementor-section-height-default elementor-section-height-default\" data-id=\"1009561\" data-element_type=\"section\">\n\t\t\t\t\t\t<div class=\"elementor-container elementor-column-gap-default\">\n\t\t\t\t\t<div class=\"elementor-column elementor-col-100 elementor-top-column elementor-element elementor-element-65f14326\" data-id=\"65f14326\" data-element_type=\"column\">\n\t\t\t<div class=\"elementor-widget-wrap elementor-element-populated\">\n\t\t\t\t\t\t\t\t<section class=\"elementor-section elementor-inner-section elementor-element elementor-element-73132f7 elementor-section-boxed elementor-section-height-default elementor-section-height-default\" data-id=\"73132f7\" data-element_type=\"section\">\n\t\t\t\t\t\t<div class=\"elementor-container elementor-column-gap-default\">\n\t\t\t\t\t<div class=\"elementor-column elementor-col-50 elementor-inner-column elementor-element elementor-element-5441fe5e\" data-id=\"5441fe5e\" data-element_type=\"column\">\n\t\t\t<div class=\"elementor-widget-wrap elementor-element-populated\">\n\t\t\t\t\t\t\t\t<div class=\"elementor-element elementor-element-3d059957 elementor-widget elementor-widget-heading\" data-id=\"3d059957\" data-element_type=\"widget\" data-widget_type=\"heading.default\">\n\t\t\t\t<div class=\"elementor-widget-container\">\n\t\t\t<h1 class=\"elementor-heading-title elementor-size-default\">Blog<\/h1>\t\t<\/div>\n\t\t\t\t<\/div>\n\t\t\t\t<div class=\"elementor-element elementor-element-288e4630 elementor-widget__width-auto elementor-widget-divider--view-line elementor-widget elementor-widget-divider\" data-id=\"288e4630\" data-element_type=\"widget\" data-widget_type=\"divider.default\">\n\t\t\t\t<div class=\"elementor-widget-container\">\n\t\t\t\t\t<div class=\"elementor-divider\">\n\t\t\t<span class=\"elementor-divider-separator\">\n\t\t\t\t\t\t<\/span>\n\t\t<\/div>\n\t\t\t\t<\/div>\n\t\t\t\t<\/div>\n\t\t\t\t<div class=\"elementor-element elementor-element-6892dc5b elementor-widget__width-auto elementor-widget elementor-widget-text-editor\" data-id=\"6892dc5b\" data-element_type=\"widget\" data-widget_type=\"text-editor.default\">\n\t\t\t\t<div class=\"elementor-widget-container\">\n\t\t\t\t\t\t\t<p>Mantengase informado de todos los temas relacionados con el equipo m\u00e9dico, desarrollo de salas de cirug\u00eda, educaci\u00f3n para la Salud, dentro del marco de la prevenci\u00f3n y promoci\u00f3n de la salud.<\/p>\t\t\t\t\t\t<\/div>\n\t\t\t\t<\/div>\n\t\t\t\t\t<\/div>\n\t\t<\/div>\n\t\t\t\t<div class=\"elementor-column elementor-col-50 elementor-inner-column elementor-element elementor-element-1e20c03c\" data-id=\"1e20c03c\" data-element_type=\"column\">\n\t\t\t<div class=\"elementor-widget-wrap\">\n\t\t\t\t\t\t\t\t\t<\/div>\n\t\t<\/div>\n\t\t\t\t\t\t\t<\/div>\n\t\t<\/section>\n\t\t\t\t<section class=\"elementor-section elementor-inner-section elementor-element elementor-element-18c5a4a9 elementor-section-boxed elementor-section-height-default elementor-section-height-default\" data-id=\"18c5a4a9\" data-element_type=\"section\">\n\t\t\t\t\t\t<div class=\"elementor-container elementor-column-gap-default\">\n\t\t\t\t\t<div class=\"elementor-column elementor-col-100 elementor-inner-column elementor-element elementor-element-3447c2f1\" data-id=\"3447c2f1\" data-element_type=\"column\">\n\t\t\t<div class=\"elementor-widget-wrap elementor-element-populated\">\n\t\t\t\t\t\t\t\t<div class=\"elementor-element elementor-element-11429f81 elementor-grid-tablet-3 elementor-grid-3 elementor-grid-mobile-1 elementor-posts--thumbnail-top elementor-card-shadow-yes elementor-posts__hover-gradient elementor-widget elementor-widget-posts\" data-id=\"11429f81\" data-element_type=\"widget\" data-settings=\"{&quot;pagination_type&quot;:&quot;numbers_and_prev_next&quot;,&quot;cards_columns_tablet&quot;:&quot;3&quot;,&quot;cards_columns&quot;:&quot;3&quot;,&quot;cards_columns_mobile&quot;:&quot;1&quot;,&quot;cards_row_gap&quot;:{&quot;unit&quot;:&quot;px&quot;,&quot;size&quot;:35,&quot;sizes&quot;:[]}}\" data-widget_type=\"posts.cards\">\n\t\t\t\t<div class=\"elementor-widget-container\">\n\t\t\t\t\t<div class=\"elementor-posts-container elementor-posts elementor-posts--skin-cards elementor-grid\">\n\t\t\t\t<article class=\"elementor-post elementor-grid-item post-511 post type-post status-publish format-standard has-post-thumbnail hentry category-medicina tag-medicina\">\n\t\t\t<div class=\"elementor-post__card\">\n\t\t\t\t<a class=\"elementor-post__thumbnail__link\" href=\"https:\/\/equiposmedicoscr.nwideas.com\/index.php\/2018\/05\/14\/visitas-medicas-online-o-con-presencia-fisica-los-dilemas-aun-no-resueltos-que-ha-dejado-la-pandemia\/\" >\n\t\t\t<div class=\"elementor-post__thumbnail\"><img loading=\"lazy\" decoding=\"async\" width=\"768\" height=\"513\" src=\"https:\/\/equiposmedicoscr.nwideas.com\/wp-content\/uploads\/2021\/11\/portrait-of-adult-cheerful-doctor-in-hospital-768x513.jpg\" class=\"attachment-medium_large size-medium_large\" alt=\"Portrait of adult cheerful doctor in hospital\" srcset=\"https:\/\/equiposmedicoscr.nwideas.com\/wp-content\/uploads\/2021\/11\/portrait-of-adult-cheerful-doctor-in-hospital-768x513.jpg 768w, https:\/\/equiposmedicoscr.nwideas.com\/wp-content\/uploads\/2021\/11\/portrait-of-adult-cheerful-doctor-in-hospital-300x200.jpg 300w, https:\/\/equiposmedicoscr.nwideas.com\/wp-content\/uploads\/2021\/11\/portrait-of-adult-cheerful-doctor-in-hospital-1024x684.jpg 1024w, https:\/\/equiposmedicoscr.nwideas.com\/wp-content\/uploads\/2021\/11\/portrait-of-adult-cheerful-doctor-in-hospital-1536x1025.jpg 1536w, https:\/\/equiposmedicoscr.nwideas.com\/wp-content\/uploads\/2021\/11\/portrait-of-adult-cheerful-doctor-in-hospital-600x401.jpg 600w, https:\/\/equiposmedicoscr.nwideas.com\/wp-content\/uploads\/2021\/11\/portrait-of-adult-cheerful-doctor-in-hospital.jpg 2000w\" sizes=\"auto, (max-width: 768px) 100vw, 768px\" \/><\/div>\n\t\t<\/a>\n\t\t\t\t<div class=\"elementor-post__badge\">Medicina<\/div>\n\t\t\t\t<div class=\"elementor-post__text\">\n\t\t\t\t<h3 class=\"elementor-post__title\">\n\t\t\t<a href=\"https:\/\/equiposmedicoscr.nwideas.com\/index.php\/2018\/05\/14\/visitas-medicas-online-o-con-presencia-fisica-los-dilemas-aun-no-resueltos-que-ha-dejado-la-pandemia\/\" >\n\t\t\t\tVisitas m\u00e9dicas online o con presencia f\u00edsica: Los dilemas aun no resueltos que ha dejado la pandemia.\t\t\t<\/a>\n\t\t<\/h3>\n\t\t\t\t<div class=\"elementor-post__excerpt\">\n\t\t\t<p>Visitas m\u00e9dicas online o con presencia f\u00edsica: Los dilemas aun no resueltos que ha dejado la pandemia. l libro de Gillian Isaacs Russell (2015), \u201cScreen<\/p>\n\t\t<\/div>\n\t\t\t\t<\/div>\n\t\t\t\t<div class=\"elementor-post__meta-data\">\n\t\t\t\t\t<span class=\"elementor-post-date\">\n\t\t\tmayo 14, 2018\t\t<\/span>\n\t\t\t\t<\/div>\n\t\t\t\t\t<\/div>\n\t\t<\/article>\n\t\t\t\t<article class=\"elementor-post elementor-grid-item post-500 post type-post status-publish format-standard has-post-thumbnail hentry category-medicina tag-denim\">\n\t\t\t<div class=\"elementor-post__card\">\n\t\t\t\t<a class=\"elementor-post__thumbnail__link\" href=\"https:\/\/equiposmedicoscr.nwideas.com\/index.php\/2018\/05\/13\/our-pick-of-the-coolest-denim-jackets-to-finally-swap-your-winter-coat-for\/\" >\n\t\t\t<div class=\"elementor-post__thumbnail\"><img loading=\"lazy\" decoding=\"async\" width=\"768\" height=\"512\" src=\"https:\/\/equiposmedicoscr.nwideas.com\/wp-content\/uploads\/2021\/11\/multi-ethnic-group-of-doctors-in-clinic-768x512.jpg\" class=\"attachment-medium_large size-medium_large\" alt=\"Multi-Ethnic Group of Doctors in Clinic\" srcset=\"https:\/\/equiposmedicoscr.nwideas.com\/wp-content\/uploads\/2021\/11\/multi-ethnic-group-of-doctors-in-clinic-768x512.jpg 768w, https:\/\/equiposmedicoscr.nwideas.com\/wp-content\/uploads\/2021\/11\/multi-ethnic-group-of-doctors-in-clinic-300x200.jpg 300w, https:\/\/equiposmedicoscr.nwideas.com\/wp-content\/uploads\/2021\/11\/multi-ethnic-group-of-doctors-in-clinic-1024x682.jpg 1024w, https:\/\/equiposmedicoscr.nwideas.com\/wp-content\/uploads\/2021\/11\/multi-ethnic-group-of-doctors-in-clinic-1536x1024.jpg 1536w, https:\/\/equiposmedicoscr.nwideas.com\/wp-content\/uploads\/2021\/11\/multi-ethnic-group-of-doctors-in-clinic-600x400.jpg 600w, https:\/\/equiposmedicoscr.nwideas.com\/wp-content\/uploads\/2021\/11\/multi-ethnic-group-of-doctors-in-clinic.jpg 2000w\" sizes=\"auto, (max-width: 768px) 100vw, 768px\" \/><\/div>\n\t\t<\/a>\n\t\t\t\t<div class=\"elementor-post__badge\">Medicina<\/div>\n\t\t\t\t<div class=\"elementor-post__text\">\n\t\t\t\t<h3 class=\"elementor-post__title\">\n\t\t\t<a href=\"https:\/\/equiposmedicoscr.nwideas.com\/index.php\/2018\/05\/13\/our-pick-of-the-coolest-denim-jackets-to-finally-swap-your-winter-coat-for\/\" >\n\t\t\t\t\u00bfQu\u00e9 es y c\u00f3mo se escribe una \u201cNarrativa Cl\u00ednica\u201d? Una aproximaci\u00f3n para principiantes\t\t\t<\/a>\n\t\t<\/h3>\n\t\t\t\t<div class=\"elementor-post__excerpt\">\n\t\t\t<p>btener una visi\u00f3n profunda sobre tu pr\u00e1ctica cl\u00ednica y tus pacientes y tus relaciones con ellos se realiza mejor a trav\u00e9s de narrativas porque \u00e9stas<\/p>\n\t\t<\/div>\n\t\t\t\t<\/div>\n\t\t\t\t<div class=\"elementor-post__meta-data\">\n\t\t\t\t\t<span class=\"elementor-post-date\">\n\t\t\tmayo 13, 2018\t\t<\/span>\n\t\t\t\t<\/div>\n\t\t\t\t\t<\/div>\n\t\t<\/article>\n\t\t\t\t<article class=\"elementor-post elementor-grid-item post-492 post type-post status-publish format-standard has-post-thumbnail hentry category-medicina tag-suits\">\n\t\t\t<div class=\"elementor-post__card\">\n\t\t\t\t<a class=\"elementor-post__thumbnail__link\" href=\"https:\/\/equiposmedicoscr.nwideas.com\/index.php\/2018\/05\/12\/como-decirle-a-una-madre-que-su-hijo-ha-muerto\/\" >\n\t\t\t<div class=\"elementor-post__thumbnail\"><img loading=\"lazy\" decoding=\"async\" width=\"768\" height=\"512\" src=\"https:\/\/equiposmedicoscr.nwideas.com\/wp-content\/uploads\/2021\/11\/young-wife-crying-in-hospital-768x512.jpg\" class=\"attachment-medium_large size-medium_large\" alt=\"Young wife crying in hospital\" srcset=\"https:\/\/equiposmedicoscr.nwideas.com\/wp-content\/uploads\/2021\/11\/young-wife-crying-in-hospital-768x512.jpg 768w, https:\/\/equiposmedicoscr.nwideas.com\/wp-content\/uploads\/2021\/11\/young-wife-crying-in-hospital-300x200.jpg 300w, https:\/\/equiposmedicoscr.nwideas.com\/wp-content\/uploads\/2021\/11\/young-wife-crying-in-hospital-1024x682.jpg 1024w, https:\/\/equiposmedicoscr.nwideas.com\/wp-content\/uploads\/2021\/11\/young-wife-crying-in-hospital-1536x1024.jpg 1536w, https:\/\/equiposmedicoscr.nwideas.com\/wp-content\/uploads\/2021\/11\/young-wife-crying-in-hospital-600x400.jpg 600w, https:\/\/equiposmedicoscr.nwideas.com\/wp-content\/uploads\/2021\/11\/young-wife-crying-in-hospital.jpg 2000w\" sizes=\"auto, (max-width: 768px) 100vw, 768px\" \/><\/div>\n\t\t<\/a>\n\t\t\t\t<div class=\"elementor-post__badge\">Medicina<\/div>\n\t\t\t\t<div class=\"elementor-post__text\">\n\t\t\t\t<h3 class=\"elementor-post__title\">\n\t\t\t<a href=\"https:\/\/equiposmedicoscr.nwideas.com\/index.php\/2018\/05\/12\/como-decirle-a-una-madre-que-su-hijo-ha-muerto\/\" >\n\t\t\t\tC\u00f3mo decirle a una madre que su hijo ha muerto\t\t\t<\/a>\n\t\t<\/h3>\n\t\t\t\t<div class=\"elementor-post__excerpt\">\n\t\t\t<p>Poes\u00eda Filadelfia \u2013 Primero tienes tu bata.\u00a0No me importa si no recuerdas d\u00f3nde la dejaste, la encuentras.\u00a0Si ten\u00eda mucha sangre, le pides a alguien que<\/p>\n\t\t<\/div>\n\t\t\t\t<\/div>\n\t\t\t\t<div class=\"elementor-post__meta-data\">\n\t\t\t\t\t<span class=\"elementor-post-date\">\n\t\t\tmayo 12, 2018\t\t<\/span>\n\t\t\t\t<\/div>\n\t\t\t\t\t<\/div>\n\t\t<\/article>\n\t\t\t\t<\/div>\n\n\n\t\t\n\t\t\t\t<\/div>\n\t\t\t\t<\/div>\n\t\t\t\t\t<\/div>\n\t\t<\/div>\n\t\t\t\t\t\t\t<\/div>\n\t\t<\/section>\n\t\t\t\t\t<\/div>\n\t\t<\/div>\n\t\t\t\t\t\t\t<\/div>\n\t\t<\/section>\n\t\t\t\t\t\t<\/div>\n\t\t\t\t\t<\/div>\n\t\t","protected":false},"excerpt":{"rendered":"<p>Blog Mantengase informado de todos los temas relacionados con el equipo m\u00e9dico, desarrollo de salas de cirug\u00eda, educaci\u00f3n para la Salud, dentro del marco de la prevenci\u00f3n y promoci\u00f3n de la salud.<\/p>\n","protected":false},"author":1,"featured_media":0,"parent":0,"menu_order":0,"comment_status":"closed","ping_status":"closed","template":"elementor_header_footer","meta":{"footnotes":""},"class_list":["post-6876","page","type-page","status-publish","hentry"],"_links":{"self":[{"href":"https:\/\/equiposmedicoscr.nwideas.com\/index.php\/wp-json\/wp\/v2\/pages\/6876","targetHints":{"allow":["GET"]}}],"collection":[{"href":"https:\/\/equiposmedicoscr.nwideas.com\/index.php\/wp-json\/wp\/v2\/pages"}],"about":[{"href":"https:\/\/equiposmedicoscr.nwideas.com\/index.php\/wp-json\/wp\/v2\/types\/page"}],"author":[{"embeddable":true,"href":"https:\/\/equiposmedicoscr.nwideas.com\/index.php\/wp-json\/wp\/v2\/users\/1"}],"replies":[{"embeddable":true,"href":"https:\/\/equiposmedicoscr.nwideas.com\/index.php\/wp-json\/wp\/v2\/comments?post=6876"}],"version-history":[{"count":13,"href":"https:\/\/equiposmedicoscr.nwideas.com\/index.php\/wp-json\/wp\/v2\/pages\/6876\/revisions"}],"predecessor-version":[{"id":6929,"href":"https:\/\/equiposmedicoscr.nwideas.com\/index.php\/wp-json\/wp\/v2\/pages\/6876\/revisions\/6929"}],"wp:attachment":[{"href":"https:\/\/equiposmedicoscr.nwideas.com\/index.php\/wp-json\/wp\/v2\/media?parent=6876"}],"curies":[{"name":"wp","href":"https:\/\/api.w.org\/{rel}","templated":true}]}}