{"id":7051,"date":"2021-11-11T16:32:07","date_gmt":"2021-11-11T16:32:07","guid":{"rendered":"https:\/\/equiposmedicoscr.nwideas.com\/?post_type=product&#038;p=7051"},"modified":"2021-11-11T16:32:07","modified_gmt":"2021-11-11T16:32:07","slug":"mesa-de-cirugia-electrica-vg","status":"publish","type":"product","link":"https:\/\/equiposmedicoscr.nwideas.com\/index.php\/product\/mesa-de-cirugia-electrica-vg\/","title":{"rendered":"Mesa de Cirug\u00eda El\u00e9ctrica VG"},"content":{"rendered":"<ul class=\"_1V4Ij\" data-hook=\"collapse-info-section\">\n<li class=\"_2knBS undefined\" data-hook=\"collapse-info-item\">\n<div class=\"rah-static rah-static--height-auto\" aria-hidden=\"false\">\n<div>\n<div class=\"_1yvxJ fggS- cell\">\n<div class=\"WncCi\" data-hook=\"info-section-description\">\n<table>\n<tbody>\n<tr>\n<td><strong>Modelo<\/strong><\/td>\n<td><strong>VG-01B-1<\/strong><\/td>\n<\/tr>\n<tr>\n<td>1 \/ Tama\u00f1o de la mesa (mm)<\/td>\n<td>2000 * 500 * 750<\/td>\n<\/tr>\n<tr>\n<td>2 \/ Rango de elevaci\u00f3n<\/td>\n<td>&amp; ge; 300 mm<\/td>\n<\/tr>\n<tr>\n<td>3 \/ Inclinarse hacia adelante<\/td>\n<td>&amp; ge; 22 &amp; deg;<\/td>\n<\/tr>\n<tr>\n<td>4 \/ Inclinarse hacia atr\u00e1s<\/td>\n<td>&amp; ge; 25 &amp; deg;<\/td>\n<\/tr>\n<tr>\n<td>5 \/ Inclinarse a la izquierda<\/td>\n<td>&amp; ge; 20 &amp; deg;<\/td>\n<\/tr>\n<tr>\n<td>6 \/ Inclinarse a la derecha<\/td>\n<td>&amp; ge; 20 &amp; deg;<\/td>\n<\/tr>\n<tr>\n<td>7 \/ Tablero trasero plegado<\/td>\n<td>&amp; ge; 35 &amp; deg;<\/td>\n<\/tr>\n<tr>\n<td>8 \/ Cabecero plegable<\/td>\n<td>&amp; ge; 45 &amp; deg;<\/td>\n<\/tr>\n<tr>\n<td>9 \/ Cabecero abatible<\/td>\n<td>&amp; ge; 90 &amp; deg;<\/td>\n<\/tr>\n<tr>\n<td>10 \/ Tabla de piernas abatible<\/td>\n<td>&amp; ge; 90 &amp; deg;<\/td>\n<\/tr>\n<tr>\n<td>11 \/ Rango de deslizamiento longitudinal<\/td>\n<td>&amp; ge; 295 mm<\/td>\n<\/tr>\n<\/tbody>\n<\/table>\n<\/div>\n<\/div>\n<\/div>\n<\/div>\n<\/li>\n<li class=\"_2knBS undefined\" data-hook=\"collapse-info-item\">\n<h2 class=\"Text2598540372__root Text2598540372---typography-11-runningText Text2598540372---priority-7-primary s8gg2 _2UIKs InfoSectionTitle3095652555__root\" aria-hidden=\"false\" data-hook=\"info-section-title\">Accesorios<\/h2>\n<div class=\"_2tV5m fggS- cell\"><\/div>\n<div class=\"rah-static rah-static--height-auto\" aria-hidden=\"false\">\n<div>\n<div class=\"_1yvxJ fggS- cell\">\n<div class=\"WncCi\" data-hook=\"info-section-description\">\n<table>\n<tbody>\n<tr>\n<td><strong>Accesorios estandar:<\/strong><\/td>\n<td>Cantidad<\/td>\n<td>&nbsp;<\/td>\n<\/tr>\n<tr>\n<td>Marco de pantalla de anestesia<\/td>\n<td>1<\/td>\n<\/tr>\n<tr>\n<td>Partidario de hombro<\/td>\n<td>2<\/td>\n<\/tr>\n<tr>\n<td>Partidario del brazo<\/td>\n<td>2<\/td>\n<\/tr>\n<tr>\n<td>Partidario del cuerpo<\/td>\n<td>1<\/td>\n<\/tr>\n<tr>\n<td>Partidario de la pierna<\/td>\n<td>2<\/td>\n<\/tr>\n<tr>\n<td>Colch\u00f3n<\/td>\n<td>1<\/td>\n<\/tr>\n<tr>\n<td>Controlador manual<\/td>\n<td>1<\/td>\n<\/tr>\n<\/tbody>\n<\/table>\n<\/div>\n<\/div>\n<\/div>\n<\/div>\n<\/li>\n<\/ul>\n","protected":false},"excerpt":{"rendered":"<p>01B-1 el\u00e9ctrico Esta mesa de operaciones es para cirug\u00edas del departamento de cirug\u00eda general, coraz\u00f3n renal, ortopedia, neurocirug\u00eda, ginecolog\u00eda y urolog\u00eda.<\/p>\n<p>&nbsp;<\/p>\n<p>Est\u00e1 impulsado por un sistema hidr\u00e1ulico &#8211; el\u00e9ctrico de importaci\u00f3n con energ\u00eda de respaldo avanzada, seguro y confiable.<\/p>\n<p>&nbsp;<\/p>\n<p>El marco principal est\u00e1 hecho con un molde de fundici\u00f3n de aluminio, la cubierta de la base est\u00e1 hecha de acero inoxidable, se derrama y es f\u00e1cil de limpiar.<\/p>\n","protected":false},"featured_media":7052,"template":"","meta":[],"product_cat":[58],"product_tag":[62,61],"class_list":["post-7051","product","type-product","status-publish","has-post-thumbnail","hentry","product_cat-mesa-de-cirugia","product_tag-aluminio","product_tag-hidraulico"],"_links":{"self":[{"href":"https:\/\/equiposmedicoscr.nwideas.com\/index.php\/wp-json\/wp\/v2\/product\/7051","targetHints":{"allow":["GET"]}}],"collection":[{"href":"https:\/\/equiposmedicoscr.nwideas.com\/index.php\/wp-json\/wp\/v2\/product"}],"about":[{"href":"https:\/\/equiposmedicoscr.nwideas.com\/index.php\/wp-json\/wp\/v2\/types\/product"}],"wp:featuredmedia":[{"embeddable":true,"href":"https:\/\/equiposmedicoscr.nwideas.com\/index.php\/wp-json\/wp\/v2\/media\/7052"}],"wp:attachment":[{"href":"https:\/\/equiposmedicoscr.nwideas.com\/index.php\/wp-json\/wp\/v2\/media?parent=7051"}],"wp:term":[{"taxonomy":"product_cat","embeddable":true,"href":"https:\/\/equiposmedicoscr.nwideas.com\/index.php\/wp-json\/wp\/v2\/product_cat?post=7051"},{"taxonomy":"product_tag","embeddable":true,"href":"https:\/\/equiposmedicoscr.nwideas.com\/index.php\/wp-json\/wp\/v2\/product_tag?post=7051"}],"curies":[{"name":"wp","href":"https:\/\/api.w.org\/{rel}","templated":true}]}}