{"id":7056,"date":"2021-11-11T19:43:56","date_gmt":"2021-11-11T19:43:56","guid":{"rendered":"https:\/\/equiposmedicoscr.nwideas.com\/?post_type=product&#038;p=7056"},"modified":"2021-11-11T19:43:56","modified_gmt":"2021-11-11T19:43:56","slug":"mesa-de-cirugia-electrica-vg-2","status":"publish","type":"product","link":"https:\/\/equiposmedicoscr.nwideas.com\/index.php\/product\/mesa-de-cirugia-electrica-vg-2\/","title":{"rendered":"Mesa de Cirug\u00eda El\u00e9ctrica VG"},"content":{"rendered":"<table>\n<tbody>\n<tr>\n<td><strong>Modelo<\/strong><\/td>\n<td><strong>VG-01A-1<\/strong><\/td>\n<\/tr>\n<tr>\n<td>1 \/ Tama\u00f1o de la mesa (mm)<\/td>\n<td>2000 * 500 * 660<\/td>\n<\/tr>\n<tr>\n<td>2 \/ Rango de elevaci\u00f3n<\/td>\n<td>\u2265300 mm<\/td>\n<\/tr>\n<tr>\n<td>3 \/ Inclinarse hacia adelante<\/td>\n<td>\u226520 \u00b0<\/td>\n<\/tr>\n<tr>\n<td>4 \/ Inclinarse hacia atr\u00e1s<\/td>\n<td>\u226530 \u00b0<\/td>\n<\/tr>\n<tr>\n<td>5 \/ Inclinarse a la izquierda<\/td>\n<td>\u226520 \u00b0<\/td>\n<\/tr>\n<tr>\n<td>6 \/ Inclinarse a la derecha<\/td>\n<td>\u226520 \u00b0<\/td>\n<\/tr>\n<tr>\n<td>7 \/ Tablero trasero plegado<\/td>\n<td>\u226515 \u00b0<\/td>\n<\/tr>\n<tr>\n<td>8 \/ Cabecero plegable<\/td>\n<td>\u226545 \u00b0<\/td>\n<\/tr>\n<tr>\n<td>9 \/ Cabecero abatible<\/td>\n<td>\u226590 \u00b0<\/td>\n<\/tr>\n<tr>\n<td>10 \/ Tabla de piernas abatible<\/td>\n<td>\u226590 \u00b0<\/td>\n<\/tr>\n<tr>\n<td>11 \/ Rango de deslizamiento longitudinal<\/td>\n<td>\u2265295 mm<\/td>\n<\/tr>\n<\/tbody>\n<\/table>\n","protected":false},"excerpt":{"rendered":"<p>Una mesa de operaciones el\u00e9ctrica se utiliza para cirug\u00eda general, coraz\u00f3n y ri\u00f1\u00f3n, ortopedia, neurocirug\u00eda, ginecolog\u00eda, urolog\u00eda y otras operaciones quir\u00fargicas.<\/p>\n<p>&nbsp;<\/p>\n<p>Est\u00e1 impulsado por un motor de CC de bajo voltaje con energ\u00eda de respaldo avanzada, seguro y confiable.\u00a0La tabla de piernas se puede abrir y es extra\u00edble.<\/p>\n<p>&nbsp;<\/p>\n<p>La cubierta de la base est\u00e1 hecha de acero inoxidable, granizada y f\u00e1cil de limpiar.<\/p>\n","protected":false},"featured_media":7057,"template":"","meta":[],"product_cat":[58],"product_tag":[],"class_list":["post-7056","product","type-product","status-publish","has-post-thumbnail","hentry","product_cat-mesa-de-cirugia"],"_links":{"self":[{"href":"https:\/\/equiposmedicoscr.nwideas.com\/index.php\/wp-json\/wp\/v2\/product\/7056","targetHints":{"allow":["GET"]}}],"collection":[{"href":"https:\/\/equiposmedicoscr.nwideas.com\/index.php\/wp-json\/wp\/v2\/product"}],"about":[{"href":"https:\/\/equiposmedicoscr.nwideas.com\/index.php\/wp-json\/wp\/v2\/types\/product"}],"wp:featuredmedia":[{"embeddable":true,"href":"https:\/\/equiposmedicoscr.nwideas.com\/index.php\/wp-json\/wp\/v2\/media\/7057"}],"wp:attachment":[{"href":"https:\/\/equiposmedicoscr.nwideas.com\/index.php\/wp-json\/wp\/v2\/media?parent=7056"}],"wp:term":[{"taxonomy":"product_cat","embeddable":true,"href":"https:\/\/equiposmedicoscr.nwideas.com\/index.php\/wp-json\/wp\/v2\/product_cat?post=7056"},{"taxonomy":"product_tag","embeddable":true,"href":"https:\/\/equiposmedicoscr.nwideas.com\/index.php\/wp-json\/wp\/v2\/product_tag?post=7056"}],"curies":[{"name":"wp","href":"https:\/\/api.w.org\/{rel}","templated":true}]}}