{"id":7058,"date":"2021-11-11T19:47:56","date_gmt":"2021-11-11T19:47:56","guid":{"rendered":"https:\/\/equiposmedicoscr.nwideas.com\/?post_type=product&#038;p=7058"},"modified":"2021-11-11T19:50:02","modified_gmt":"2021-11-11T19:50:02","slug":"lampara-de-examinacion-led-vg","status":"publish","type":"product","link":"https:\/\/equiposmedicoscr.nwideas.com\/index.php\/product\/lampara-de-examinacion-led-vg\/","title":{"rendered":"L\u00e1mpara de Examinaci\u00f3n Led VG"},"content":{"rendered":"<table>\n<tbody>\n<tr>\n<td>N \u00ba de Modelo.<\/td>\n<td>VG-LEDS1-2<\/td>\n<\/tr>\n<tr>\n<td>Iluminaci\u00f3n<\/td>\n<td>5000<\/td>\n<\/tr>\n<tr>\n<td>Temperatura del color<\/td>\n<td>3500-5000k<\/td>\n<\/tr>\n<tr>\n<td>Di\u00e1metro de la mancha<\/td>\n<td>150-300 mm<\/td>\n<\/tr>\n<tr>\n<td>Profundidad de iluminaci\u00f3n<\/td>\n<td>&gt; 800 mm<\/td>\n<\/tr>\n<tr>\n<td>Restaurar \u00edndice de color<\/td>\n<td>95-98<\/td>\n<\/tr>\n<tr>\n<td>Proporci\u00f3n sin sombras<\/td>\n<td>98%<\/td>\n<\/tr>\n<tr>\n<td>LED usando vida<\/td>\n<td>&gt; 50000h<\/td>\n<\/tr>\n<tr>\n<td>Distancia de trabajo<\/td>\n<td>500-2000 mm<\/td>\n<\/tr>\n<tr>\n<td>Arriba la temperatura de la cabeza del doctor<\/td>\n<td>&lt;1 \u00b0 C<\/td>\n<\/tr>\n<\/tbody>\n<\/table>\n","protected":false},"excerpt":{"rendered":"<p>1.Brillo ajustable, altura ajustable<\/p>\n<p>2.Funci\u00f3n: funci\u00f3n de elevaci\u00f3n y m\u00f3vil, brillo ajustable, voltaje de amplio rango<\/p>\n","protected":false},"featured_media":7059,"template":"","meta":[],"product_cat":[63],"product_tag":[],"class_list":["post-7058","product","type-product","status-publish","has-post-thumbnail","hentry","product_cat-lampara-de-examinacion"],"_links":{"self":[{"href":"https:\/\/equiposmedicoscr.nwideas.com\/index.php\/wp-json\/wp\/v2\/product\/7058","targetHints":{"allow":["GET"]}}],"collection":[{"href":"https:\/\/equiposmedicoscr.nwideas.com\/index.php\/wp-json\/wp\/v2\/product"}],"about":[{"href":"https:\/\/equiposmedicoscr.nwideas.com\/index.php\/wp-json\/wp\/v2\/types\/product"}],"wp:featuredmedia":[{"embeddable":true,"href":"https:\/\/equiposmedicoscr.nwideas.com\/index.php\/wp-json\/wp\/v2\/media\/7059"}],"wp:attachment":[{"href":"https:\/\/equiposmedicoscr.nwideas.com\/index.php\/wp-json\/wp\/v2\/media?parent=7058"}],"wp:term":[{"taxonomy":"product_cat","embeddable":true,"href":"https:\/\/equiposmedicoscr.nwideas.com\/index.php\/wp-json\/wp\/v2\/product_cat?post=7058"},{"taxonomy":"product_tag","embeddable":true,"href":"https:\/\/equiposmedicoscr.nwideas.com\/index.php\/wp-json\/wp\/v2\/product_tag?post=7058"}],"curies":[{"name":"wp","href":"https:\/\/api.w.org\/{rel}","templated":true}]}}