{"id":7060,"date":"2021-11-11T19:49:32","date_gmt":"2021-11-11T19:49:32","guid":{"rendered":"https:\/\/equiposmedicoscr.nwideas.com\/?post_type=product&#038;p=7060"},"modified":"2021-11-11T19:49:32","modified_gmt":"2021-11-11T19:49:32","slug":"lampara-de-examinacion-led-vg-2","status":"publish","type":"product","link":"https:\/\/equiposmedicoscr.nwideas.com\/index.php\/product\/lampara-de-examinacion-led-vg-2\/","title":{"rendered":"L\u00e1mpara de Examinaci\u00f3n Led VG"},"content":{"rendered":"<table>\n<tbody>\n<tr>\n<td>N \u00ba de Modelo<\/td>\n<td>VG-LED01<\/td>\n<\/tr>\n<tr>\n<td>1 \/ iluminaci\u00f3n<\/td>\n<td>60.000<\/td>\n<\/tr>\n<tr>\n<td>2 \/ temperatura de color<\/td>\n<td>3500-5000k<\/td>\n<\/tr>\n<tr>\n<td>3 \/ punto de di\u00e1metro<\/td>\n<td>200 mm<\/td>\n<\/tr>\n<tr>\n<td>4 \/ escalones regulables con luz<\/td>\n<td>&#8212;-<\/td>\n<\/tr>\n<tr>\n<td>5 \/ restaurar el \u00edndice de color<\/td>\n<td>95-98<\/td>\n<\/tr>\n<tr>\n<td>6 \/ proporci\u00f3n sin sombras<\/td>\n<td>98%<\/td>\n<\/tr>\n<tr>\n<td>7 \/ LED usando vida<\/td>\n<td>&gt; 50000h<\/td>\n<\/tr>\n<tr>\n<td>8 \/ distancia de trabajo<\/td>\n<td>500-2000 mm<\/td>\n<\/tr>\n<tr>\n<td>9 \/ arriba la temperatura de la cabeza del doctor<\/td>\n<td>&lt;1 \u2103<\/td>\n<\/tr>\n<tr>\n<td>10 \/ altura m\u00ednima del techo<\/td>\n<td>2400 mm<\/td>\n<\/tr>\n<\/tbody>\n<\/table>\n","protected":false},"excerpt":{"rendered":"<p>1.Caracter\u00edstica: iluminaci\u00f3n LED, luz fr\u00eda, alto brillo<\/p>\n","protected":false},"featured_media":7061,"template":"","meta":[],"product_cat":[63],"product_tag":[],"class_list":["post-7060","product","type-product","status-publish","has-post-thumbnail","hentry","product_cat-lampara-de-examinacion"],"_links":{"self":[{"href":"https:\/\/equiposmedicoscr.nwideas.com\/index.php\/wp-json\/wp\/v2\/product\/7060","targetHints":{"allow":["GET"]}}],"collection":[{"href":"https:\/\/equiposmedicoscr.nwideas.com\/index.php\/wp-json\/wp\/v2\/product"}],"about":[{"href":"https:\/\/equiposmedicoscr.nwideas.com\/index.php\/wp-json\/wp\/v2\/types\/product"}],"wp:featuredmedia":[{"embeddable":true,"href":"https:\/\/equiposmedicoscr.nwideas.com\/index.php\/wp-json\/wp\/v2\/media\/7061"}],"wp:attachment":[{"href":"https:\/\/equiposmedicoscr.nwideas.com\/index.php\/wp-json\/wp\/v2\/media?parent=7060"}],"wp:term":[{"taxonomy":"product_cat","embeddable":true,"href":"https:\/\/equiposmedicoscr.nwideas.com\/index.php\/wp-json\/wp\/v2\/product_cat?post=7060"},{"taxonomy":"product_tag","embeddable":true,"href":"https:\/\/equiposmedicoscr.nwideas.com\/index.php\/wp-json\/wp\/v2\/product_tag?post=7060"}],"curies":[{"name":"wp","href":"https:\/\/api.w.org\/{rel}","templated":true}]}}