{"id":7062,"date":"2021-11-11T19:51:53","date_gmt":"2021-11-11T19:51:53","guid":{"rendered":"https:\/\/equiposmedicoscr.nwideas.com\/?post_type=product&#038;p=7062"},"modified":"2021-11-11T19:51:53","modified_gmt":"2021-11-11T19:51:53","slug":"lampara-de-cirugia-led-una-cupula-vg","status":"publish","type":"product","link":"https:\/\/equiposmedicoscr.nwideas.com\/index.php\/product\/lampara-de-cirugia-led-una-cupula-vg\/","title":{"rendered":"L\u00e1mpara de Cirug\u00eda Led Una C\u00fapula VG"},"content":{"rendered":"<table>\n<tbody>\n<tr>\n<td>N \u00ba de Modelo.<\/td>\n<td><strong>VG-LED05-1<\/strong><\/td>\n<\/tr>\n<tr>\n<td>Iluminaci\u00f3n<\/td>\n<td>140.000<\/td>\n<\/tr>\n<tr>\n<td>Control remoto<\/td>\n<td>Con<\/td>\n<\/tr>\n<tr>\n<td>Temperatura del color<\/td>\n<td>3500-5000k<\/td>\n<\/tr>\n<tr>\n<td>Di\u00e1metro de la mancha<\/td>\n<td>150-300 mm<\/td>\n<\/tr>\n<tr>\n<td>Profundidad de iluminaci\u00f3n<\/td>\n<td>&gt; 800 mm<\/td>\n<\/tr>\n<tr>\n<td>Pasos de ajuste de luz<\/td>\n<td>1-9<\/td>\n<\/tr>\n<tr>\n<td>Restaurar \u00edndice de color<\/td>\n<td>95-98<\/td>\n<\/tr>\n<tr>\n<td>Proporci\u00f3n sin sombras<\/td>\n<td>98%<\/td>\n<\/tr>\n<tr>\n<td>LED usando vida<\/td>\n<td>&gt; 50000h<\/td>\n<\/tr>\n<tr>\n<td>Distancia de trabajo<\/td>\n<td>500-2000 mm<\/td>\n<\/tr>\n<tr>\n<td>Arriba la temperatura de la cabeza del doctor<\/td>\n<td>&lt;1 \u00b0 C<\/td>\n<\/tr>\n<tr>\n<td>Fuente de alimentaci\u00f3n<\/td>\n<td>110-240V;\u00a050\/60 Hz<\/td>\n<\/tr>\n<tr>\n<td>Altura m\u00ednima del techo<\/td>\n<td>2800 mm<\/td>\n<\/tr>\n<\/tbody>\n<\/table>\n","protected":false},"excerpt":{"rendered":"<p>Estas luces LED para quir\u00f3fano son adecuadas para sala de\u00a0operaciones.<\/p>\n<p>Es un Equipo t\u00e9cnico de iluminaci\u00f3n ideal para quir\u00f3fano moderno.<\/p>\n<p>1.Efectos ideales de luz fr\u00eda.<\/p>\n<p>2. Fiabilidad del dise\u00f1o de circuitos.<\/p>\n<p>3. Vida \u00fatil extremadamente larga de la fuente de luz.<\/p>\n<p>4.Ideal para cumplir con los requisitos de apariencia limpia.<\/p>\n<p>5.Tecnolog\u00eda avanzada de im\u00e1genes digitales.<\/p>\n","protected":false},"featured_media":7063,"template":"","meta":[],"product_cat":[63],"product_tag":[],"class_list":["post-7062","product","type-product","status-publish","has-post-thumbnail","hentry","product_cat-lampara-de-examinacion"],"_links":{"self":[{"href":"https:\/\/equiposmedicoscr.nwideas.com\/index.php\/wp-json\/wp\/v2\/product\/7062","targetHints":{"allow":["GET"]}}],"collection":[{"href":"https:\/\/equiposmedicoscr.nwideas.com\/index.php\/wp-json\/wp\/v2\/product"}],"about":[{"href":"https:\/\/equiposmedicoscr.nwideas.com\/index.php\/wp-json\/wp\/v2\/types\/product"}],"wp:featuredmedia":[{"embeddable":true,"href":"https:\/\/equiposmedicoscr.nwideas.com\/index.php\/wp-json\/wp\/v2\/media\/7063"}],"wp:attachment":[{"href":"https:\/\/equiposmedicoscr.nwideas.com\/index.php\/wp-json\/wp\/v2\/media?parent=7062"}],"wp:term":[{"taxonomy":"product_cat","embeddable":true,"href":"https:\/\/equiposmedicoscr.nwideas.com\/index.php\/wp-json\/wp\/v2\/product_cat?post=7062"},{"taxonomy":"product_tag","embeddable":true,"href":"https:\/\/equiposmedicoscr.nwideas.com\/index.php\/wp-json\/wp\/v2\/product_tag?post=7062"}],"curies":[{"name":"wp","href":"https:\/\/api.w.org\/{rel}","templated":true}]}}